{"id":6013,"date":"2020-10-26T11:34:42","date_gmt":"2020-10-26T11:34:42","guid":{"rendered":"https:\/\/the7.io\/elementor-main\/?page_id=6013"},"modified":"2020-10-26T11:34:42","modified_gmt":"2020-10-26T11:34:42","slug":"blog-grid-bottom-gradient-overlay","status":"publish","type":"page","link":"https:\/\/jpkkriskagora.si\/en\/blog\/blog-grid\/blog-grid-bottom-gradient-overlay\/","title":{"rendered":"Blog grid: blurred bottom overlay"},"content":{"rendered":"<div data-elementor-type=\"wp-page\" data-elementor-id=\"6013\" class=\"elementor elementor-6013\" data-elementor-post-type=\"page\">\n\t\t\t\t\t\t<section class=\"elementor-section elementor-top-section elementor-element elementor-element-615ffd8 elementor-section-full_width elementor-section-height-default elementor-section-height-default\" data-id=\"615ffd8\" data-element_type=\"section\" data-e-type=\"section\">\n\t\t\t\t\t\t<div class=\"elementor-container elementor-column-gap-wider\">\n\t\t\t\t\t<div class=\"elementor-column elementor-col-100 elementor-top-column elementor-element elementor-element-cd6c32e\" data-id=\"cd6c32e\" data-element_type=\"column\" data-e-type=\"column\">\n\t\t\t<div class=\"elementor-widget-wrap elementor-element-populated\">\n\t\t\t\t\t\t<div class=\"elementor-element elementor-element-7100cdb preserve-img-ratio-cover elementor-widget elementor-widget-the7_elements\" data-id=\"7100cdb\" data-element_type=\"widget\" data-e-type=\"widget\" data-widget_type=\"the7_elements.default\">\n\t\t\t\t<div class=\"elementor-widget-container\">\n\t\t\t\t\t<div class=\"portfolio-shortcode the7-elementor-widget the7_elements-7100cdb mode-grid dt-css-grid-wrap content-rollover-layout-list description-on-hover quick-scale-img content-bg-on resize-by-browser-width widget-with-filter loading-effect-none jquery-filter\" data-padding=\"10px\" data-mobile-columns-num=\"1\" data-tablet-columns-num=\"2\" data-desktop-columns-num=\"3\" data-wide-desktop-columns-num=\"3\" data-post-limit=\"12\" data-pagination-mode=\"load-more\" data-scroll-offset=\"\" aria-live=\"assertive\"><div class=\"dt-css-grid custom-pagination-handler\"><div class=\"visible wf-cell category-194\" data-post-id=\"38718\" data-date=\"2023-12-12T13:22:19+00:00\" data-name=\"Zimska odprava na Monte Lussari\"><article class=\"post visible forward-post post-38718 type-post status-publish format-standard has-post-thumbnail hentry category-novice\" data-name=\"Zimska odprava na Monte Lussari\" data-date=\"2023-12-12T13:22:19+00:00\">\n<div class=\"post-thumbnail-wrap\">\n\t<div class=\"post-thumbnail\">\n\n\t\t<a class=\"post-thumbnail-rollover layzr-bg img-css-resize-wrapper\" aria-label=\"Post image\" href=\"https:\/\/jpkkriskagora.si\/en\/2023\/12\/12\/monte-lussari\/\"><img fetchpriority=\"high\" decoding=\"async\" width=\"2000\" height=\"1500\" src=\"data:image\/svg+xml,%3Csvg%20xmlns%3D&#039;http%3A%2F%2Fwww.w3.org%2F2000%2Fsvg&#039;%20viewBox%3D&#039;0%200%202000%201500&#039;%2F%3E\" class=\"attachment-full size-full preload-me aspect lazy lazy-load\" alt=\"Monte Lussari\" sizes=\"(max-width: 2000px) 100vw, 2000px\" style=\"--ratio: 2000 \/ 1500;\" data-src=\"https:\/\/jpkkriskagora.si\/wp-content\/uploads\/2023\/12\/roki.jpg\" loading=\"eager\" data-srcset=\"https:\/\/jpkkriskagora.si\/wp-content\/uploads\/2023\/12\/roki.jpg 2000w, https:\/\/jpkkriskagora.si\/wp-content\/uploads\/2023\/12\/roki-300x225.jpg 300w, https:\/\/jpkkriskagora.si\/wp-content\/uploads\/2023\/12\/roki-1024x768.jpg 1024w, https:\/\/jpkkriskagora.si\/wp-content\/uploads\/2023\/12\/roki-768x576.jpg 768w, https:\/\/jpkkriskagora.si\/wp-content\/uploads\/2023\/12\/roki-1536x1152.jpg 1536w, https:\/\/jpkkriskagora.si\/wp-content\/uploads\/2023\/12\/roki-16x12.jpg 16w\" \/><\/a>\n\t<\/div>\n<\/div>\n\n<div class=\"post-entry-content\">\n\t<div class=\"post-entry-wrapper\">\n\t\t<div class=\"post-entry-body\">\n\t\t\t<h4 class=\"ele-entry-title\"><a href=\"https:\/\/jpkkriskagora.si\/en\/2023\/12\/12\/monte-lussari\/\" rel=\"bookmark\" title=\"Zimska odprava na Monte Lussari\">Zimska odprava na Monte Lussari<\/a><\/h4><div class=\"entry-meta\"><span class=\"meta-item category-link\"><span>News<\/span><\/span><span class=\"meta-item data-link\"><time class=\"entry-date updated\" datetime=\"2023-12-12T13:22:19+00:00\">December 12, 2023<\/time><\/span><\/div><div class=\"entry-excerpt\"><p>Zimska odprava klubskih pilotov na Vi\u0161arje, oziroma Monte Lussari, je polno uspela. Najprej jutranja kava, nabralo se nas je pet in odpravilo v Trbi\u017e.&hellip;<\/p>\n<\/div>\t\t<\/div>\n\t<\/div>\n<\/div><\/article><\/div><div class=\"visible wf-cell category-194\" data-post-id=\"38646\" data-date=\"2023-11-22T13:59:57+00:00\" data-name=\"\u00bbBog, pomagaj mi\u00ab in rikverca\u0161i!\"><article class=\"post visible forward-post post-38646 type-post status-publish format-standard has-post-thumbnail hentry category-novice tag-donacka-gora tag-letenje\" data-name=\"\u00bbBog, pomagaj mi\u00ab in rikverca\u0161i!\" data-date=\"2023-11-22T13:59:57+00:00\">\n<div class=\"post-thumbnail-wrap\">\n\t<div class=\"post-thumbnail\">\n\n\t\t<a class=\"post-thumbnail-rollover layzr-bg img-css-resize-wrapper\" aria-label=\"Post image\" href=\"https:\/\/jpkkriskagora.si\/en\/2023\/11\/22\/donacka-2023\/\"><img decoding=\"async\" width=\"1683\" height=\"965\" src=\"data:image\/svg+xml,%3Csvg%20xmlns%3D&#039;http%3A%2F%2Fwww.w3.org%2F2000%2Fsvg&#039;%20viewBox%3D&#039;0%200%201683%20965&#039;%2F%3E\" class=\"attachment-full size-full preload-me aspect lazy lazy-load\" alt=\"\" sizes=\"(max-width: 1683px) 100vw, 1683px\" style=\"--ratio: 1683 \/ 965;\" data-src=\"https:\/\/jpkkriskagora.si\/wp-content\/uploads\/2023\/11\/stjepo_3.jpg\" loading=\"eager\" data-srcset=\"https:\/\/jpkkriskagora.si\/wp-content\/uploads\/2023\/11\/stjepo_3.jpg 1683w, https:\/\/jpkkriskagora.si\/wp-content\/uploads\/2023\/11\/stjepo_3-300x172.jpg 300w, https:\/\/jpkkriskagora.si\/wp-content\/uploads\/2023\/11\/stjepo_3-1024x587.jpg 1024w, https:\/\/jpkkriskagora.si\/wp-content\/uploads\/2023\/11\/stjepo_3-768x440.jpg 768w, https:\/\/jpkkriskagora.si\/wp-content\/uploads\/2023\/11\/stjepo_3-1536x881.jpg 1536w, https:\/\/jpkkriskagora.si\/wp-content\/uploads\/2023\/11\/stjepo_3-18x10.jpg 18w\" \/><\/a>\n\t<\/div>\n<\/div>\n\n<div class=\"post-entry-content\">\n\t<div class=\"post-entry-wrapper\">\n\t\t<div class=\"post-entry-body\">\n\t\t\t<h4 class=\"ele-entry-title\"><a href=\"https:\/\/jpkkriskagora.si\/en\/2023\/11\/22\/donacka-2023\/\" rel=\"bookmark\" title=\"\u00bbBog, pomagaj mi\u00ab in rikverca\u0161i!\">\u00bbBog, pomagaj mi\u00ab in rikverca\u0161i!<\/a><\/h4><div class=\"entry-meta\"><span class=\"meta-item category-link\"><span>News<\/span><\/span><span class=\"meta-item data-link\"><time class=\"entry-date updated\" datetime=\"2023-11-22T13:59:57+00:00\">November 22, 2023<\/time><\/span><\/div><div class=\"entry-excerpt\"><p>Kak\u0161en vzdevek! Pristaja malce bolj pogumnim in norim fantom. Evo zakaj. Med obiskom Slovenije se je nama s prijateljem v prijetnem pogovoru porodila ideja&hellip;<\/p>\n<\/div>\t\t<\/div>\n\t<\/div>\n<\/div><\/article><\/div><div class=\"visible wf-cell category-194\" data-post-id=\"38575\" data-date=\"2023-06-27T15:50:21+00:00\" data-name=\"Kobala\"><article class=\"post visible forward-post post-38575 type-post status-publish format-standard has-post-thumbnail hentry category-novice tag-klubski-izlet-jpk-kriska-gora tag-kobala\" data-name=\"Kobala\" data-date=\"2023-06-27T15:50:21+00:00\">\n<div class=\"post-thumbnail-wrap\">\n\t<div class=\"post-thumbnail\">\n\n\t\t<a class=\"post-thumbnail-rollover layzr-bg img-css-resize-wrapper\" aria-label=\"Post image\" href=\"https:\/\/jpkkriskagora.si\/en\/2023\/06\/27\/kobala\/\"><img decoding=\"async\" width=\"2048\" height=\"1536\" src=\"data:image\/svg+xml,%3Csvg%20xmlns%3D&#039;http%3A%2F%2Fwww.w3.org%2F2000%2Fsvg&#039;%20viewBox%3D&#039;0%200%202048%201536&#039;%2F%3E\" class=\"attachment-full size-full preload-me aspect lazy lazy-load\" alt=\"\" sizes=\"(max-width: 2048px) 100vw, 2048px\" style=\"--ratio: 2048 \/ 1536;\" data-src=\"https:\/\/jpkkriskagora.si\/wp-content\/uploads\/2023\/06\/Soca.jpg\" loading=\"eager\" data-srcset=\"https:\/\/jpkkriskagora.si\/wp-content\/uploads\/2023\/06\/Soca.jpg 2048w, https:\/\/jpkkriskagora.si\/wp-content\/uploads\/2023\/06\/Soca-300x225.jpg 300w, https:\/\/jpkkriskagora.si\/wp-content\/uploads\/2023\/06\/Soca-1024x768.jpg 1024w, https:\/\/jpkkriskagora.si\/wp-content\/uploads\/2023\/06\/Soca-768x576.jpg 768w, https:\/\/jpkkriskagora.si\/wp-content\/uploads\/2023\/06\/Soca-1536x1152.jpg 1536w, https:\/\/jpkkriskagora.si\/wp-content\/uploads\/2023\/06\/Soca-16x12.jpg 16w\" \/><\/a>\n\t<\/div>\n<\/div>\n\n<div class=\"post-entry-content\">\n\t<div class=\"post-entry-wrapper\">\n\t\t<div class=\"post-entry-body\">\n\t\t\t<h4 class=\"ele-entry-title\"><a href=\"https:\/\/jpkkriskagora.si\/en\/2023\/06\/27\/kobala\/\" rel=\"bookmark\" title=\"Kobala\">Kobala<\/a><\/h4><div class=\"entry-meta\"><span class=\"meta-item category-link\"><span>News<\/span><\/span><span class=\"meta-item data-link\"><time class=\"entry-date updated\" datetime=\"2023-06-27T15:50:21+00:00\">June 27, 2023<\/time><\/span><\/div><div class=\"entry-excerpt\"><p>Zopet se je pokazal en super letalski dan, v zadnji uri je bila sprejeta odlo\u010ditev za Kobalo. Nabralo se nas je 7, spakirali smo&hellip;<\/p>\n<\/div>\t\t<\/div>\n\t<\/div>\n<\/div><\/article><\/div><div class=\"visible wf-cell category-194\" data-post-id=\"38020\" data-date=\"2023-01-17T16:31:44+00:00\" data-name=\"Klubski izlet na Kovk\"><article class=\"post visible forward-post post-38020 type-post status-publish format-standard has-post-thumbnail hentry category-novice\" data-name=\"Klubski izlet na Kovk\" data-date=\"2023-01-17T16:31:44+00:00\">\n<div class=\"post-thumbnail-wrap\">\n\t<div class=\"post-thumbnail\">\n\n\t\t<a class=\"post-thumbnail-rollover layzr-bg img-css-resize-wrapper\" aria-label=\"Post image\" href=\"https:\/\/jpkkriskagora.si\/en\/2023\/01\/17\/klubski-izlet-na-kovk\/\"><img decoding=\"async\" width=\"2048\" height=\"945\" src=\"data:image\/svg+xml,%3Csvg%20xmlns%3D&#039;http%3A%2F%2Fwww.w3.org%2F2000%2Fsvg&#039;%20viewBox%3D&#039;0%200%202048%20945&#039;%2F%3E\" class=\"attachment-full size-full preload-me aspect lazy lazy-load\" alt=\"\" sizes=\"(max-width: 2048px) 100vw, 2048px\" style=\"--ratio: 2048 \/ 945;\" data-src=\"https:\/\/jpkkriskagora.si\/wp-content\/uploads\/2023\/01\/skupna.jpg\" loading=\"eager\" data-srcset=\"https:\/\/jpkkriskagora.si\/wp-content\/uploads\/2023\/01\/skupna.jpg 2048w, https:\/\/jpkkriskagora.si\/wp-content\/uploads\/2023\/01\/skupna-300x138.jpg 300w, https:\/\/jpkkriskagora.si\/wp-content\/uploads\/2023\/01\/skupna-1024x473.jpg 1024w, https:\/\/jpkkriskagora.si\/wp-content\/uploads\/2023\/01\/skupna-768x354.jpg 768w, https:\/\/jpkkriskagora.si\/wp-content\/uploads\/2023\/01\/skupna-1536x709.jpg 1536w, https:\/\/jpkkriskagora.si\/wp-content\/uploads\/2023\/01\/skupna-18x8.jpg 18w, https:\/\/jpkkriskagora.si\/wp-content\/uploads\/2023\/01\/skupna-800x369.jpg 800w\" \/><\/a>\n\t<\/div>\n<\/div>\n\n<div class=\"post-entry-content\">\n\t<div class=\"post-entry-wrapper\">\n\t\t<div class=\"post-entry-body\">\n\t\t\t<h4 class=\"ele-entry-title\"><a href=\"https:\/\/jpkkriskagora.si\/en\/2023\/01\/17\/klubski-izlet-na-kovk\/\" rel=\"bookmark\" title=\"Klubski izlet na Kovk\">Klubski izlet na Kovk<\/a><\/h4><div class=\"entry-meta\"><span class=\"meta-item category-link\"><span>News<\/span><\/span><span class=\"meta-item data-link\"><time class=\"entry-date updated\" datetime=\"2023-01-17T16:31:44+00:00\">January 17, 2023<\/time><\/span><\/div><div class=\"entry-excerpt\"><p>autor: Miodrag Kondi\u0107 \u010clani JPK Kri\u0161ka gora odprli sezono \u017ee januarja odhodom na Kovk. Napoved je obetala dober letalni dan \u2013 mogo\u010de je to&hellip;<\/p>\n<\/div>\t\t<\/div>\n\t<\/div>\n<\/div><\/article><\/div><div class=\"visible wf-cell category-194\" data-post-id=\"37841\" data-date=\"2021-05-15T10:27:34+00:00\" data-name=\"Vzleti\u0161\u010de Gozd po delovni akciji\"><article class=\"post visible forward-post post-37841 type-post status-publish format-standard has-post-thumbnail hentry category-novice\" data-name=\"Vzleti\u0161\u010de Gozd po delovni akciji\" data-date=\"2021-05-15T10:27:34+00:00\">\n<div class=\"post-thumbnail-wrap\">\n\t<div class=\"post-thumbnail\">\n\n\t\t<a class=\"post-thumbnail-rollover layzr-bg img-css-resize-wrapper\" aria-label=\"Post image\" href=\"https:\/\/jpkkriskagora.si\/en\/2021\/05\/15\/po-delovni-akciji\/\"><img decoding=\"async\" width=\"1944\" height=\"1458\" src=\"data:image\/svg+xml,%3Csvg%20xmlns%3D&#039;http%3A%2F%2Fwww.w3.org%2F2000%2Fsvg&#039;%20viewBox%3D&#039;0%200%201944%201458&#039;%2F%3E\" class=\"attachment-full size-full preload-me aspect lazy lazy-load\" alt=\"\" sizes=\"(max-width: 1944px) 100vw, 1944px\" style=\"--ratio: 1944 \/ 1458;\" data-src=\"https:\/\/jpkkriskagora.si\/wp-content\/uploads\/2021\/05\/187593177_2833560036866279_1782308384447994749_n.jpeg\" loading=\"eager\" data-srcset=\"https:\/\/jpkkriskagora.si\/wp-content\/uploads\/2021\/05\/187593177_2833560036866279_1782308384447994749_n.jpeg 1944w, https:\/\/jpkkriskagora.si\/wp-content\/uploads\/2021\/05\/187593177_2833560036866279_1782308384447994749_n-800x600.jpeg 800w, https:\/\/jpkkriskagora.si\/wp-content\/uploads\/2021\/05\/187593177_2833560036866279_1782308384447994749_n-300x225.jpeg 300w, https:\/\/jpkkriskagora.si\/wp-content\/uploads\/2021\/05\/187593177_2833560036866279_1782308384447994749_n-1024x768.jpeg 1024w, https:\/\/jpkkriskagora.si\/wp-content\/uploads\/2021\/05\/187593177_2833560036866279_1782308384447994749_n-768x576.jpeg 768w, https:\/\/jpkkriskagora.si\/wp-content\/uploads\/2021\/05\/187593177_2833560036866279_1782308384447994749_n-1536x1152.jpeg 1536w, https:\/\/jpkkriskagora.si\/wp-content\/uploads\/2021\/05\/187593177_2833560036866279_1782308384447994749_n-16x12.jpeg 16w\" \/><\/a>\n\t<\/div>\n<\/div>\n\n<div class=\"post-entry-content\">\n\t<div class=\"post-entry-wrapper\">\n\t\t<div class=\"post-entry-body\">\n\t\t\t<h4 class=\"ele-entry-title\"><a href=\"https:\/\/jpkkriskagora.si\/en\/2021\/05\/15\/po-delovni-akciji\/\" rel=\"bookmark\" title=\"Vzleti\u0161\u010de Gozd po delovni akciji\">Vzleti\u0161\u010de Gozd po delovni akciji<\/a><\/h4><div class=\"entry-meta\"><span class=\"meta-item category-link\"><span>News<\/span><\/span><span class=\"meta-item data-link\"><time class=\"entry-date updated\" datetime=\"2021-05-15T10:27:34+00:00\">May 15, 2021<\/time><\/span><\/div><div class=\"entry-excerpt\"><p>Foto: Meri Simjanov.<\/p>\n<\/div>\t\t<\/div>\n\t<\/div>\n<\/div><\/article><\/div><div class=\"visible wf-cell category-194\" data-post-id=\"34626\" data-date=\"2021-03-13T22:53:00+00:00\" data-name=\"Delovna akcija, 13. marec\"><article class=\"post visible forward-post post-34626 type-post status-publish format-standard has-post-thumbnail hentry category-novice\" data-name=\"Delovna akcija, 13. marec\" data-date=\"2021-03-13T22:53:00+00:00\">\n<div class=\"post-thumbnail-wrap\">\n\t<div class=\"post-thumbnail\">\n\n\t\t<a class=\"post-thumbnail-rollover layzr-bg img-css-resize-wrapper\" aria-label=\"Post image\" href=\"https:\/\/jpkkriskagora.si\/en\/2021\/03\/13\/delovna-akcija\/\"><img decoding=\"async\" width=\"2560\" height=\"1440\" src=\"data:image\/svg+xml,%3Csvg%20xmlns%3D&#039;http%3A%2F%2Fwww.w3.org%2F2000%2Fsvg&#039;%20viewBox%3D&#039;0%200%202560%201440&#039;%2F%3E\" class=\"attachment-full size-full preload-me aspect lazy lazy-load\" alt=\"\" sizes=\"(max-width: 2560px) 100vw, 2560px\" style=\"--ratio: 2560 \/ 1440;\" data-src=\"https:\/\/jpkkriskagora.si\/wp-content\/uploads\/2021\/03\/20210313_114500-scaled.jpg\" loading=\"eager\" data-srcset=\"https:\/\/jpkkriskagora.si\/wp-content\/uploads\/2021\/03\/20210313_114500-scaled.jpg 2560w, https:\/\/jpkkriskagora.si\/wp-content\/uploads\/2021\/03\/20210313_114500-scaled-800x450.jpg 800w, https:\/\/jpkkriskagora.si\/wp-content\/uploads\/2021\/03\/20210313_114500-300x169.jpg 300w, https:\/\/jpkkriskagora.si\/wp-content\/uploads\/2021\/03\/20210313_114500-1024x576.jpg 1024w, https:\/\/jpkkriskagora.si\/wp-content\/uploads\/2021\/03\/20210313_114500-768x432.jpg 768w, https:\/\/jpkkriskagora.si\/wp-content\/uploads\/2021\/03\/20210313_114500-1536x864.jpg 1536w, https:\/\/jpkkriskagora.si\/wp-content\/uploads\/2021\/03\/20210313_114500-2048x1152.jpg 2048w, https:\/\/jpkkriskagora.si\/wp-content\/uploads\/2021\/03\/20210313_114500-16x9.jpg 16w\" \/><\/a>\n\t<\/div>\n<\/div>\n\n<div class=\"post-entry-content\">\n\t<div class=\"post-entry-wrapper\">\n\t\t<div class=\"post-entry-body\">\n\t\t\t<h4 class=\"ele-entry-title\"><a href=\"https:\/\/jpkkriskagora.si\/en\/2021\/03\/13\/delovna-akcija\/\" rel=\"bookmark\" title=\"Working action, 13 March\">Working action, 13 March<\/a><\/h4><div class=\"entry-meta\"><span class=\"meta-item category-link\"><span>News<\/span><\/span><span class=\"meta-item data-link\"><time class=\"entry-date updated\" datetime=\"2021-03-13T22:53:00+00:00\">March 13, 2021<\/time><\/span><\/div><div class=\"entry-excerpt\"><p>Gozd Delovna akcija Delovna akcija na Gozdu 13. marca.<\/p>\n<\/div>\t\t<\/div>\n\t<\/div>\n<\/div><\/article><\/div><div class=\"visible wf-cell category-194\" data-post-id=\"34601\" data-date=\"2021-03-09T22:40:00+00:00\" data-name=\"Fotografije z Gozda\"><article class=\"post visible forward-post post-34601 type-post status-publish format-standard has-post-thumbnail hentry category-novice\" data-name=\"Fotografije z Gozda\" data-date=\"2021-03-09T22:40:00+00:00\">\n<div class=\"post-thumbnail-wrap\">\n\t<div class=\"post-thumbnail\">\n\n\t\t<a class=\"post-thumbnail-rollover layzr-bg img-css-resize-wrapper\" aria-label=\"Post image\" href=\"https:\/\/jpkkriskagora.si\/en\/2021\/03\/09\/fotografije-z-gozda\/\"><img decoding=\"async\" width=\"1944\" height=\"1458\" src=\"data:image\/svg+xml,%3Csvg%20xmlns%3D&#039;http%3A%2F%2Fwww.w3.org%2F2000%2Fsvg&#039;%20viewBox%3D&#039;0%200%201944%201458&#039;%2F%3E\" class=\"attachment-full size-full preload-me aspect lazy lazy-load\" alt=\"\" sizes=\"(max-width: 1944px) 100vw, 1944px\" style=\"--ratio: 1944 \/ 1458;\" data-src=\"https:\/\/jpkkriskagora.si\/wp-content\/uploads\/2021\/03\/159278928_2786456788243271_8116740798637457813_o.jpg\" loading=\"eager\" data-srcset=\"https:\/\/jpkkriskagora.si\/wp-content\/uploads\/2021\/03\/159278928_2786456788243271_8116740798637457813_o.jpg 1944w, https:\/\/jpkkriskagora.si\/wp-content\/uploads\/2021\/03\/159278928_2786456788243271_8116740798637457813_o-800x600.jpg 800w, https:\/\/jpkkriskagora.si\/wp-content\/uploads\/2021\/03\/159278928_2786456788243271_8116740798637457813_o-300x225.jpg 300w, https:\/\/jpkkriskagora.si\/wp-content\/uploads\/2021\/03\/159278928_2786456788243271_8116740798637457813_o-1024x768.jpg 1024w, https:\/\/jpkkriskagora.si\/wp-content\/uploads\/2021\/03\/159278928_2786456788243271_8116740798637457813_o-768x576.jpg 768w, https:\/\/jpkkriskagora.si\/wp-content\/uploads\/2021\/03\/159278928_2786456788243271_8116740798637457813_o-1536x1152.jpg 1536w, https:\/\/jpkkriskagora.si\/wp-content\/uploads\/2021\/03\/159278928_2786456788243271_8116740798637457813_o-16x12.jpg 16w\" \/><\/a>\n\t<\/div>\n<\/div>\n\n<div class=\"post-entry-content\">\n\t<div class=\"post-entry-wrapper\">\n\t\t<div class=\"post-entry-body\">\n\t\t\t<h4 class=\"ele-entry-title\"><a href=\"https:\/\/jpkkriskagora.si\/en\/2021\/03\/09\/fotografije-z-gozda\/\" rel=\"bookmark\" title=\"Photos from Gozd\">Photos from Gozd<\/a><\/h4><div class=\"entry-meta\"><span class=\"meta-item category-link\"><span>News<\/span><\/span><span class=\"meta-item data-link\"><time class=\"entry-date updated\" datetime=\"2021-03-09T22:40:00+00:00\">March 9, 2021<\/time><\/span><\/div><div class=\"entry-excerpt\"><p>Fotografije Gozd, 9. marec Nekaj pilotov, ki so \u0161tartali danes z Gozda<\/p>\n<\/div>\t\t<\/div>\n\t<\/div>\n<\/div><\/article><\/div><div class=\"visible wf-cell category-194\" data-post-id=\"34590\" data-date=\"2021-03-09T22:30:00+00:00\" data-name=\"Testiranje padal NOVA Ion6 &amp; DoubleSkin\"><article class=\"post visible forward-post post-34590 type-post status-publish format-standard has-post-thumbnail hentry category-novice\" data-name=\"Testiranje padal NOVA Ion6 &#038; DoubleSkin\" data-date=\"2021-03-09T22:30:00+00:00\">\n<div class=\"post-thumbnail-wrap\">\n\t<div class=\"post-thumbnail\">\n\n\t\t<a class=\"post-thumbnail-rollover layzr-bg img-css-resize-wrapper\" aria-label=\"Post image\" href=\"https:\/\/jpkkriskagora.si\/en\/2021\/03\/09\/testiranje-padal-nova-ion6-doubleskin\/\"><img decoding=\"async\" width=\"1836\" height=\"1032\" src=\"data:image\/svg+xml,%3Csvg%20xmlns%3D&#039;http%3A%2F%2Fwww.w3.org%2F2000%2Fsvg&#039;%20viewBox%3D&#039;0%200%201836%201032&#039;%2F%3E\" class=\"attachment-full size-full preload-me aspect lazy lazy-load\" alt=\"\" sizes=\"(max-width: 1836px) 100vw, 1836px\" style=\"--ratio: 1836 \/ 1032;\" data-src=\"https:\/\/jpkkriskagora.si\/wp-content\/uploads\/2021\/03\/159366082_1851518865001294_8737444922634543257_o.jpg\" loading=\"eager\" data-srcset=\"https:\/\/jpkkriskagora.si\/wp-content\/uploads\/2021\/03\/159366082_1851518865001294_8737444922634543257_o.jpg 1836w, https:\/\/jpkkriskagora.si\/wp-content\/uploads\/2021\/03\/159366082_1851518865001294_8737444922634543257_o-800x450.jpg 800w, https:\/\/jpkkriskagora.si\/wp-content\/uploads\/2021\/03\/159366082_1851518865001294_8737444922634543257_o-300x169.jpg 300w, https:\/\/jpkkriskagora.si\/wp-content\/uploads\/2021\/03\/159366082_1851518865001294_8737444922634543257_o-1024x576.jpg 1024w, https:\/\/jpkkriskagora.si\/wp-content\/uploads\/2021\/03\/159366082_1851518865001294_8737444922634543257_o-768x432.jpg 768w, https:\/\/jpkkriskagora.si\/wp-content\/uploads\/2021\/03\/159366082_1851518865001294_8737444922634543257_o-1536x863.jpg 1536w, https:\/\/jpkkriskagora.si\/wp-content\/uploads\/2021\/03\/159366082_1851518865001294_8737444922634543257_o-16x9.jpg 16w\" \/><\/a>\n\t<\/div>\n<\/div>\n\n<div class=\"post-entry-content\">\n\t<div class=\"post-entry-wrapper\">\n\t\t<div class=\"post-entry-body\">\n\t\t\t<h4 class=\"ele-entry-title\"><a href=\"https:\/\/jpkkriskagora.si\/en\/2021\/03\/09\/testiranje-padal-nova-ion6-doubleskin\/\" rel=\"bookmark\" title=\"Testing paragliders NOVA Ion6 &amp; DoubleSkin\">Testing paragliders NOVA Ion6 &amp; DoubleSkin<\/a><\/h4><div class=\"entry-meta\"><span class=\"meta-item category-link\"><span>News<\/span><\/span><span class=\"meta-item data-link\"><time class=\"entry-date updated\" datetime=\"2021-03-09T22:30:00+00:00\">March 9, 2021<\/time><\/span><\/div><div class=\"entry-excerpt\"><p>Testiranje Testiranje padal NOVA Ion6 &amp; DoubleSkin \u0160e ta teden na voljo za test, Padala NOVA Ion6 S in M, ter DoubleSkin20. Sedalo Nova&hellip;<\/p>\n<\/div>\t\t<\/div>\n\t<\/div>\n<\/div><\/article><\/div><div class=\"visible wf-cell category-194\" data-post-id=\"34580\" data-date=\"2021-02-03T22:02:00+00:00\" data-name=\"Testiranje novega P light 2\"><article class=\"post visible forward-post post-34580 type-post status-publish format-standard has-post-thumbnail hentry category-novice\" data-name=\"Testiranje novega P light 2\" data-date=\"2021-02-03T22:02:00+00:00\">\n<div class=\"post-thumbnail-wrap\">\n\t<div class=\"post-thumbnail\">\n\n\t\t<a class=\"post-thumbnail-rollover layzr-bg img-css-resize-wrapper\" aria-label=\"Post image\" href=\"https:\/\/jpkkriskagora.si\/en\/2021\/02\/03\/testiranje-novega-p-light-2\/\"><img decoding=\"async\" width=\"1317\" height=\"640\" src=\"data:image\/svg+xml,%3Csvg%20xmlns%3D&#039;http%3A%2F%2Fwww.w3.org%2F2000%2Fsvg&#039;%20viewBox%3D&#039;0%200%201317%20640&#039;%2F%3E\" class=\"attachment-full size-full preload-me aspect lazy lazy-load\" alt=\"\" sizes=\"(max-width: 1317px) 100vw, 1317px\" style=\"--ratio: 1317 \/ 640;\" data-src=\"https:\/\/jpkkriskagora.si\/wp-content\/uploads\/2021\/03\/145695116_3625279694174167_600298548583824309_o.jpg\" loading=\"eager\" data-srcset=\"https:\/\/jpkkriskagora.si\/wp-content\/uploads\/2021\/03\/145695116_3625279694174167_600298548583824309_o.jpg 1317w, https:\/\/jpkkriskagora.si\/wp-content\/uploads\/2021\/03\/145695116_3625279694174167_600298548583824309_o-800x389.jpg 800w, https:\/\/jpkkriskagora.si\/wp-content\/uploads\/2021\/03\/145695116_3625279694174167_600298548583824309_o-300x146.jpg 300w, https:\/\/jpkkriskagora.si\/wp-content\/uploads\/2021\/03\/145695116_3625279694174167_600298548583824309_o-1024x498.jpg 1024w, https:\/\/jpkkriskagora.si\/wp-content\/uploads\/2021\/03\/145695116_3625279694174167_600298548583824309_o-768x373.jpg 768w, https:\/\/jpkkriskagora.si\/wp-content\/uploads\/2021\/03\/145695116_3625279694174167_600298548583824309_o-16x8.jpg 16w\" \/><\/a>\n\t<\/div>\n<\/div>\n\n<div class=\"post-entry-content\">\n\t<div class=\"post-entry-wrapper\">\n\t\t<div class=\"post-entry-body\">\n\t\t\t<h4 class=\"ele-entry-title\"><a href=\"https:\/\/jpkkriskagora.si\/en\/2021\/02\/03\/testiranje-novega-p-light-2\/\" rel=\"bookmark\" title=\"Testing the new P light 2\">Testing the new P light 2<\/a><\/h4><div class=\"entry-meta\"><span class=\"meta-item category-link\"><span>News<\/span><\/span><span class=\"meta-item data-link\"><time class=\"entry-date updated\" datetime=\"2021-02-03T22:02:00+00:00\">February 3, 2021<\/time><\/span><\/div><div class=\"entry-excerpt\"><p>Testiranje Testiranje novega P light 2 Juhuhuspet je na voljo testiranje novega P light 2 na Gozdu&#8230;vabljeni vsi ljubitelji hribov in sve\u017eega zraka&#8230;priporo\u010dena je&hellip;<\/p>\n<\/div>\t\t<\/div>\n\t<\/div>\n<\/div><\/article><\/div><\/div><!-- iso-container|iso-grid --><div class=\"paginator filter-decorations paginator-more-button filter-pointer-background\">\n\t\t\t\t<a class=\"button-load-more highlighted filter-item\" href=\"javascript:void(0);\" data-dt-page=\"1\" ><span class=\"button-caption\">LOAD MORE<\/span><\/a>\n\t\t\t<\/div><\/div>\t\t\t\t<\/div>\n\t\t\t\t<\/div>\n\t\t\t\t\t<\/div>\n\t\t<\/div>\n\t\t\t\t\t<\/div>\n\t\t<\/section>\n\t\t\t\t<\/div>","protected":false},"excerpt":{"rendered":"<p>AllArchitectureArt &amp; designBusinessEventsFashion Morbi egestas enim ut nibh faucibu Art &amp; designOctober 20, 2020 Ut egestas augue ac molestie pharetra. Sed porta dui quis imperdiet Morbi egestas enim ut nibh faucibu consectetur. What eleifend posuere tincidunt EventsOctober 8, 2020 Fusce faucibus lacus id odio scelerisque, eget rhoncus neque hendrerit. Nam urna est, consequat a molestie&hellip;<\/p>","protected":false},"author":1,"featured_media":0,"parent":5858,"menu_order":50,"comment_status":"closed","ping_status":"closed","template":"elementor_header_footer","meta":{"inline_featured_image":false,"footnotes":""},"class_list":["post-6013","page","type-page","status-publish","hentry"],"_links":{"self":[{"href":"https:\/\/jpkkriskagora.si\/en\/wp-json\/wp\/v2\/pages\/6013","targetHints":{"allow":["GET"]}}],"collection":[{"href":"https:\/\/jpkkriskagora.si\/en\/wp-json\/wp\/v2\/pages"}],"about":[{"href":"https:\/\/jpkkriskagora.si\/en\/wp-json\/wp\/v2\/types\/page"}],"author":[{"embeddable":true,"href":"https:\/\/jpkkriskagora.si\/en\/wp-json\/wp\/v2\/users\/1"}],"replies":[{"embeddable":true,"href":"https:\/\/jpkkriskagora.si\/en\/wp-json\/wp\/v2\/comments?post=6013"}],"version-history":[{"count":0,"href":"https:\/\/jpkkriskagora.si\/en\/wp-json\/wp\/v2\/pages\/6013\/revisions"}],"up":[{"embeddable":true,"href":"https:\/\/jpkkriskagora.si\/en\/wp-json\/wp\/v2\/pages\/5858"}],"wp:attachment":[{"href":"https:\/\/jpkkriskagora.si\/en\/wp-json\/wp\/v2\/media?parent=6013"}],"curies":[{"name":"wp","href":"https:\/\/api.w.org\/{rel}","templated":true}]}}