{"id":35924,"date":"2020-11-21T18:29:44","date_gmt":"2020-11-21T18:29:44","guid":{"rendered":"https:\/\/the7.io\/elementor-main\/?page_id=16461"},"modified":"2021-05-18T17:04:58","modified_gmt":"2021-05-18T17:04:58","slug":"izjava-o-varovanju-osebnih-podatkov","status":"publish","type":"page","link":"https:\/\/jpkkriskagora.si\/en\/izjava-o-varovanju-osebnih-podatkov\/","title":{"rendered":"Privacy Policy"},"content":{"rendered":"\t\t<div data-elementor-type=\"wp-page\" data-elementor-id=\"35924\" class=\"elementor elementor-35924\" data-elementor-post-type=\"page\">\n\t\t\t\t\t\t<section class=\"elementor-section elementor-top-section elementor-element elementor-element-a01e01e elementor-section-boxed elementor-section-height-default elementor-section-height-default\" data-id=\"a01e01e\" data-element_type=\"section\" data-e-type=\"section\">\n\t\t\t\t\t\t<div class=\"elementor-container elementor-column-gap-no\">\n\t\t\t\t\t<div class=\"elementor-column elementor-col-100 elementor-top-column elementor-element elementor-element-a7ed14a\" data-id=\"a7ed14a\" data-element_type=\"column\" data-e-type=\"column\">\n\t\t\t<div class=\"elementor-widget-wrap elementor-element-populated\">\n\t\t\t\t\t\t<div class=\"elementor-element elementor-element-ba07844 elementor-widget elementor-widget-slider_revolution\" data-id=\"ba07844\" data-element_type=\"widget\" data-e-type=\"widget\" data-widget_type=\"slider_revolution.default\">\n\t\t\t\t<div class=\"elementor-widget-container\">\n\t\t\t\t\t\n\t\t<div class=\"wp-block-themepunch-revslider\">\n\t\t\t<!-- START GDPR REVOLUTION SLIDER 6.7.38 --><p class=\"rs-p-wp-fix\"><\/p>\n\t\t\t<rs-module-wrap id=\"rev_slider_24_1_wrapper\" data-source=\"gallery\" style=\"visibility:hidden;background:transparent;padding:0;margin:0px auto;margin-top:0;margin-bottom:0;\">\n\t\t\t\t<rs-module id=\"rev_slider_24_1\" style=\"\" data-version=\"6.7.38\">\n\t\t\t\t\t<rs-slides style=\"overflow: hidden; position: absolute;\">\n\t\t\t\t\t\t<rs-slide style=\"position: absolute;\" data-key=\"rs-32\" data-title=\"Slide\" data-anim=\"ms:1000;r:0;\" data-in=\"o:0;\" data-out=\"a:false;\">\n\t\t\t\t\t\t\t<img fetchpriority=\"high\" decoding=\"async\" src=\"\/\/jpkkriskagora.si\/wp-content\/plugins\/revslider\/sr6\/assets\/assets\/dummy.png\" alt=\"Slide\" title=\"03_DSCF5774 slider\" width=\"2560\" height=\"1920\" class=\"rev-slidebg tp-rs-img rs-lazyload\" data-lazyload=\"\/\/jpkkriskagora.si\/wp-content\/plugins\/revslider\/sr6\/assets\/assets\/transparent.png\" data-bg=\"p:50% 60%;c:#227ebd;\" data-no-retina>\n<!--\n\t\t\t\t\t\t\t--><rs-layer\n\t\t\t\t\t\t\t\tid=\"slider-24-slide-32-layer-1\" \n\t\t\t\t\t\t\t\tdata-type=\"text\"\n\t\t\t\t\t\t\t\tdata-rsp_ch=\"on\"\n\t\t\t\t\t\t\t\tdata-xy=\"x:c;y:m;yo:-39px,2px,8px,-119px;\"\n\t\t\t\t\t\t\t\tdata-text=\"w:normal;s:60,81,70,55;l:70,57,43,60;ls:4px,3px,2px,1px;fw:700;a:center;\"\n\t\t\t\t\t\t\t\tdata-dim=\"h:43px,35px,26px,16px;\"\n\t\t\t\t\t\t\t\tdata-vbility=\"f,f,f,t\"\n\t\t\t\t\t\t\t\tdata-frame_1=\"sp:1;\"\n\t\t\t\t\t\t\t\tdata-frame_999=\"o:0;st:w;sp:700;sR:6700;\"\n\t\t\t\t\t\t\t\tstyle=\"z-index:11;font-family:'Source Sans Pro';\"\n\t\t\t\t\t\t\t>OSEBNIH <br \/>\nPODATKOV \n\t\t\t\t\t\t\t<\/rs-layer><!--\n\n\t\t\t\t\t\t\t--><rs-layer\n\t\t\t\t\t\t\t\tid=\"slider-24-slide-32-layer-3\" \n\t\t\t\t\t\t\t\tdata-type=\"text\"\n\t\t\t\t\t\t\t\tdata-rsp_ch=\"on\"\n\t\t\t\t\t\t\t\tdata-xy=\"x:c;y:m;yo:-17px,2px,8px,-94px;\"\n\t\t\t\t\t\t\t\tdata-text=\"w:normal;s:60,81,70,55;l:25,20,15,9;ls:4px,3px,2px,1px;fw:700;a:center;\"\n\t\t\t\t\t\t\t\tdata-dim=\"h:43px,35px,26px,16px;\"\n\t\t\t\t\t\t\t\tdata-vbility=\"t,t,t,f\"\n\t\t\t\t\t\t\t\tdata-frame_1=\"sp:1;\"\n\t\t\t\t\t\t\t\tdata-frame_999=\"o:0;st:w;sp:700;sR:6700;\"\n\t\t\t\t\t\t\t\tstyle=\"z-index:10;font-family:'Source Sans Pro';\"\n\t\t\t\t\t\t\t>OSEBNIH PODATKOV \n\t\t\t\t\t\t\t<\/rs-layer><!--\n\n\t\t\t\t\t\t\t--><rs-layer\n\t\t\t\t\t\t\t\tid=\"slider-24-slide-32-layer-4\" \n\t\t\t\t\t\t\t\tdata-type=\"text\"\n\t\t\t\t\t\t\t\tdata-rsp_ch=\"on\"\n\t\t\t\t\t\t\t\tdata-xy=\"x:c;y:m;yo:-98px,-80px,-77px,-156px;\"\n\t\t\t\t\t\t\t\tdata-text=\"w:normal;s:30,30,30,25;l:25,20,15,9;ls:3px,2px,1px,0px;fw:300;a:center;\"\n\t\t\t\t\t\t\t\tdata-frame_1=\"sp:1;\"\n\t\t\t\t\t\t\t\tdata-frame_999=\"o:0;st:w;sp:700;sR:6700;\"\n\t\t\t\t\t\t\t\tstyle=\"z-index:9;font-family:'Source Sans Pro';\"\n\t\t\t\t\t\t\t>IZJAVA O VAROVANJU \n\t\t\t\t\t\t\t<\/rs-layer><!--\n-->\t\t\t\t\t<\/rs-slide>\n\t\t\t\t\t<\/rs-slides>\n\t\t\t\t\t<rs-static-layers class=\"rs-stl-visible\"><!--\n\n\t\t\t\t\t\t\t--><rs-layer\n\t\t\t\t\t\t\t\tid=\"slider-24-slide-24-layer-0\" \n\t\t\t\t\t\t\t\tclass=\"rs-layer-static\"\n\t\t\t\t\t\t\t\tdata-type=\"image\"\n\t\t\t\t\t\t\t\tdata-rsp_ch=\"on\"\n\t\t\t\t\t\t\t\tdata-xy=\"x:c;xo:0,0,0,-97px;y:b;yo:-198px,-163px,-123px,-34px;\"\n\t\t\t\t\t\t\t\tdata-text=\"w:normal;s:20,16,12,7;l:0,20,15,9;\"\n\t\t\t\t\t\t\t\tdata-dim=\"w:1920px,1585px,1204px,1122px;h:392px,323px,245px,229px;\"\n\t\t\t\t\t\t\t\tdata-onslides=\"s:1;\"\n\t\t\t\t\t\t\t\tdata-frame_999=\"o:0;st:w;\"\n\t\t\t\t\t\t\t\tstyle=\"z-index:5;\"\n\t\t\t\t\t\t\t><img decoding=\"async\" src=\"\/\/jpkkriskagora.si\/wp-content\/plugins\/revslider\/sr6\/assets\/assets\/dummy.png\" alt=\"\" class=\"tp-rs-img rs-lazyload\" width=\"1920\" height=\"392\" data-lazyload=\"\/\/jpkkriskagora.si\/wp-content\/uploads\/2021\/03\/Kriska_slider_silhueta-02-e1620477624971.png\" data-no-retina> \n\t\t\t\t\t\t\t<\/rs-layer><!--\n\t\t\t\t\t--><\/rs-static-layers>\n\t\t\t\t<\/rs-module>\n\t\t\t\t<script>\n\t\t\t\t\tsetREVStartSize({c: 'rev_slider_24_1',rl:[1240,1024,778,480],el:[600,768,960,700],gw:[1240,1024,778,480],gh:[600,600,600,700],type:'standard',justify:'',layout:'fullwidth',mh:\"0\"});if (window.RS_MODULES!==undefined && window.RS_MODULES.modules!==undefined && window.RS_MODULES.modules[\"revslider241\"]!==undefined) {window.RS_MODULES.modules[\"revslider241\"].once = false;window.revapi24 = undefined;if (window.RS_MODULES.checkMinimal!==undefined) window.RS_MODULES.checkMinimal()}\n\t\t\t\t<\/script>\n\t\t\t<\/rs-module-wrap>\n\t\t\t<!-- END REVOLUTION SLIDER -->\n<\/div>\n\n\t\t\t\t\t\t<\/div>\n\t\t\t\t<\/div>\n\t\t\t\t\t<\/div>\n\t\t<\/div>\n\t\t\t\t\t<\/div>\n\t\t<\/section>\n\t\t\t\t<section class=\"elementor-section elementor-top-section elementor-element elementor-element-376c17d elementor-section-boxed elementor-section-height-default elementor-section-height-default\" data-id=\"376c17d\" data-element_type=\"section\" data-e-type=\"section\" data-settings=\"{&quot;background_background&quot;:&quot;classic&quot;}\">\n\t\t\t\t\t\t<div class=\"elementor-container elementor-column-gap-wider\">\n\t\t\t\t\t<div class=\"elementor-column elementor-col-66 elementor-top-column elementor-element elementor-element-a061629\" data-id=\"a061629\" data-element_type=\"column\" data-e-type=\"column\">\n\t\t\t<div class=\"elementor-widget-wrap elementor-element-populated\">\n\t\t\t\t\t\t<div class=\"elementor-element elementor-element-6867920 elementor-widget elementor-widget-heading\" data-id=\"6867920\" data-element_type=\"widget\" data-e-type=\"widget\" data-widget_type=\"heading.default\">\n\t\t\t\t<div class=\"elementor-widget-container\">\n\t\t\t\t\t<h5 class=\"elementor-heading-title elementor-size-default\">1.<\/h5>\t\t\t\t<\/div>\n\t\t\t\t<\/div>\n\t\t\t\t<div class=\"elementor-element elementor-element-150da7e elementor-widget-divider--view-line elementor-widget elementor-widget-divider\" data-id=\"150da7e\" data-element_type=\"widget\" data-e-type=\"widget\" data-widget_type=\"divider.default\">\n\t\t\t\t<div class=\"elementor-widget-container\">\n\t\t\t\t\t\t\t<div class=\"elementor-divider\">\n\t\t\t<span class=\"elementor-divider-separator\">\n\t\t\t\t\t\t<\/span>\n\t\t<\/div>\n\t\t\t\t\t\t<\/div>\n\t\t\t\t<\/div>\n\t\t\t\t<div class=\"elementor-element elementor-element-6812be2 elementor-widget elementor-widget-heading\" data-id=\"6812be2\" data-element_type=\"widget\" data-e-type=\"widget\" data-widget_type=\"heading.default\">\n\t\t\t\t<div class=\"elementor-widget-container\">\n\t\t\t\t\t<h2 class=\"elementor-heading-title elementor-size-default\">Splo\u0161no o varovanju zasebnosti\n<\/h2>\t\t\t\t<\/div>\n\t\t\t\t<\/div>\n\t\t\t\t<div class=\"elementor-element elementor-element-dce164f elementor-widget elementor-widget-text-editor\" data-id=\"dce164f\" data-element_type=\"widget\" data-e-type=\"widget\" data-widget_type=\"text-editor.default\">\n\t\t\t\t<div class=\"elementor-widget-container\">\n\t\t\t\t\t\t\t\t\t<p class=\"p2\">V JPK Kri\u0161ka gora spo\u0161tujemo pravico do zasebnosti in stremimo k najvi\u0161ji stopnji varstva osebnih podatkov na\u0161ih obiskovalcev. Zato smo pri ponujanju na\u0161ih storitev preko svoje spletne strani, preko elektronskih sporo\u010dil ali preko telefonskega kontaka zavezani k delovanju v skladu z zakoni in predpisi, ki opredeljujejo varovanje osebnih podatkov, zlasti v skladu z vsakokrat veljavnim Zakonom o varstvu osebnih podatkov, Zakonom o elektronskih komunikacijah ter Splo\u0161no uredbo EU o varstvu podatkov. Namen te Izjave o varstvu osebnih podatkov je, da vas seznanimo s tem, za katere namene bodo va\u0161i osebni podatki pridobljeni in kako se bodo uporabljali ter kak\u0161ne so va\u0161e pravice v zvezi s podatki, ki jih hranimo o vas, in kako jih uveljavljati.<\/p><p class=\"p2\">V JPK Kri\u0161ka gora se zavezujemo, da bodo:<br \/>zbrani osebni podatki, ki ste nam jih posredovali preko spletne strani ali elektronske po\u0161te\u00a0uporabljeni v skladu s to Izjavo o varstvu osebnih podatkov ter da va\u0161ih osebnih podatkov ne bomo prodajali, posojali ali kakorkoli druga\u010de posredovali tretjim osebam, razen v zakonsko dolo\u010denih primerih.<\/p>\t\t\t\t\t\t\t\t<\/div>\n\t\t\t\t<\/div>\n\t\t\t\t<div class=\"elementor-element elementor-element-5c8de40 elementor-widget elementor-widget-heading\" data-id=\"5c8de40\" data-element_type=\"widget\" data-e-type=\"widget\" data-widget_type=\"heading.default\">\n\t\t\t\t<div class=\"elementor-widget-container\">\n\t\t\t\t\t<h5 class=\"elementor-heading-title elementor-size-default\">2.<\/h5>\t\t\t\t<\/div>\n\t\t\t\t<\/div>\n\t\t\t\t<div class=\"elementor-element elementor-element-a6fa4be elementor-widget-divider--view-line elementor-widget elementor-widget-divider\" data-id=\"a6fa4be\" data-element_type=\"widget\" data-e-type=\"widget\" data-widget_type=\"divider.default\">\n\t\t\t\t<div class=\"elementor-widget-container\">\n\t\t\t\t\t\t\t<div class=\"elementor-divider\">\n\t\t\t<span class=\"elementor-divider-separator\">\n\t\t\t\t\t\t<\/span>\n\t\t<\/div>\n\t\t\t\t\t\t<\/div>\n\t\t\t\t<\/div>\n\t\t\t\t<div class=\"elementor-element elementor-element-5679b18 elementor-widget elementor-widget-heading\" data-id=\"5679b18\" data-element_type=\"widget\" data-e-type=\"widget\" data-widget_type=\"heading.default\">\n\t\t\t\t<div class=\"elementor-widget-container\">\n\t\t\t\t\t<h2 class=\"elementor-heading-title elementor-size-default\">Upravljalec podatkov\n<\/h2>\t\t\t\t<\/div>\n\t\t\t\t<\/div>\n\t\t\t\t<div class=\"elementor-element elementor-element-aba0c8f elementor-widget elementor-widget-text-editor\" data-id=\"aba0c8f\" data-element_type=\"widget\" data-e-type=\"widget\" data-widget_type=\"text-editor.default\">\n\t\t\t\t<div class=\"elementor-widget-container\">\n\t\t\t\t\t\t\t\t\t<p class=\"p1\">Upravljavec va\u0161ih osebnih podatkov je JPK Kri\u0161ka gora, Seni\u010dno 8, 4294 Kri\u017ee, e-naslov: info@jpkkriskagora.si, telefonska \u0161tevilka: +386 68 168 647.\u00a0Za vse teme in vsebine, ki bodo obravnavane s strani poobla\u0161\u010dene osebe za varstvo podatkov, velja stroga zaupnost.<\/p><p class=\"p2\">V JPK Kri\u0161ka gora se zavezujemo, da bodo:<br \/>zbrani osebni podatki, ki ste nam jih posredovali preko spletne strani ali elektronske po\u0161te\u00a0uporabljeni v skladu s to Izjavo o varstvu osebnih podatkov ter da va\u0161ih osebnih podatkov ne bomo prodajali, posojali ali kakorkoli druga\u010de posredovali tretjim osebam, razen v zakonsko dolo\u010denih primerih.<\/p>\t\t\t\t\t\t\t\t<\/div>\n\t\t\t\t<\/div>\n\t\t\t\t<div class=\"elementor-element elementor-element-12916d4 elementor-widget elementor-widget-heading\" data-id=\"12916d4\" data-element_type=\"widget\" data-e-type=\"widget\" data-widget_type=\"heading.default\">\n\t\t\t\t<div class=\"elementor-widget-container\">\n\t\t\t\t\t<h5 class=\"elementor-heading-title elementor-size-default\">3.<\/h5>\t\t\t\t<\/div>\n\t\t\t\t<\/div>\n\t\t\t\t<div class=\"elementor-element elementor-element-6bce0fb elementor-widget-divider--view-line elementor-widget elementor-widget-divider\" data-id=\"6bce0fb\" data-element_type=\"widget\" data-e-type=\"widget\" data-widget_type=\"divider.default\">\n\t\t\t\t<div class=\"elementor-widget-container\">\n\t\t\t\t\t\t\t<div class=\"elementor-divider\">\n\t\t\t<span class=\"elementor-divider-separator\">\n\t\t\t\t\t\t<\/span>\n\t\t<\/div>\n\t\t\t\t\t\t<\/div>\n\t\t\t\t<\/div>\n\t\t\t\t<div class=\"elementor-element elementor-element-bb6544a elementor-widget elementor-widget-heading\" data-id=\"bb6544a\" data-element_type=\"widget\" data-e-type=\"widget\" data-widget_type=\"heading.default\">\n\t\t\t\t<div class=\"elementor-widget-container\">\n\t\t\t\t\t<h2 class=\"elementor-heading-title elementor-size-default\">Namen obdelave podatkov in vrste osebnih podatkov<\/h2>\t\t\t\t<\/div>\n\t\t\t\t<\/div>\n\t\t\t\t<div class=\"elementor-element elementor-element-2c4749a elementor-widget elementor-widget-text-editor\" data-id=\"2c4749a\" data-element_type=\"widget\" data-e-type=\"widget\" data-widget_type=\"text-editor.default\">\n\t\t\t\t<div class=\"elementor-widget-container\">\n\t\t\t\t\t\t\t\t\t<p class=\"p1\">Vsi osebni podatki, ki nam jih posredujete, bodo obravnavani zaupno in bodo uporabljeni zgolj v namene, za katere so bili posredovani. \u010ce bo nastala potreba po nadaljnji obdelavi va\u0161ih podatkov za drug namen, vas bomo predhodno kontaktirali in zaprosili za va\u0161e soglasje.<\/p><p class=\"p1\"><b>Obisk spletne strani:<\/b><br \/>Ob vsakem obisku spletne strani http:\/\/jpkkriskagora.si se na spletnem stre\u017eniku avtomatsko shranjuje dnevni\u0161ka datoteka spletnega odjemalca (npr. IP \u0161tevilka \u2013 \u0161tevilka, ki identificira posamezen ra\u010dunalnik oz. drugo napravo na spletu; verzija brskalnika, \u010das obiska, podatki o lokaciji oziroma vstopni to\u010dki dostopa do interneta in podobno). Te podatke obdelujemo za namen analize, ki nam omogo\u010da izbolj\u0161anje vsebin in uporabni\u0161ke izku\u0161nje na na\u0161i spletni strani ter vodenja statistike obiskov na na\u0161i spletni strani. Navedene osebne podatke zbiramo s pomo\u010djo pi\u0161kotkov.<\/p><p class=\"p1\">JPK Kri\u0161ka gora tako zbrane podatke obdeluje posebej in jih ne povezuje z drugimi osebnimi podatki uporabnikov njene spletne strani. Obiskovalca zgolj z uporabo teh podatkov ni mogo\u010de enoli\u010dno identificirati.<\/p><p class=\"p1\"><b>Po\u0161iljanje povpra\u0161evanja:<\/b><br \/>Na na\u0161i spletni strani lahko izpolnjujete spletni kontaktni obrazec za pridru\u017eitev klubu ali podalj\u0161anje \u010dlanarine. V ta namen JPK Kri\u0161ka gora od vas zbira naslednje podatke, ki jih posredujete na prostovoljen na\u010din:\u00a0<\/p><ul class=\"ul1\"><li class=\"li1\">ime,<\/li><li class=\"li1\">priimek,<\/li><li class=\"li1\">naslov in hi\u0161na \u0161t.,<\/li><li class=\"li1\">kraj,<\/li><li class=\"li1\">po\u0161tna \u0161tevilka,<\/li><li class=\"li1\">telefonska \u0161tevilka,<\/li><li class=\"li1\">e-po\u0161tni naslov.<\/li><\/ul><p class=\"p1\">Vsi podatki, ki so zbrani preko te spletne strani ali so nam kako druga\u010de sporo\u010deni, se zbirajo z namenom opravljanja na\u0161e osnovne dejavnosti.<\/p><p class=\"p1\">Va\u0161e podatke, ki nam jih posredujete na podlagi izpolnitve kontaktnega podatka, lahko uporabljamo za namen na\u0161e interne administracije in vodenja na\u0161ega poslovanja. Va\u0161e kontaktne podatke (e-naslov) lahko na podlagi na\u0161ih zakonitih interesov, razen kadar nad na\u0161imi interesi prevladajo va\u0161i interesi ali temeljne pravice in svobo\u0161\u010dine, uporabljamo tudi za namen obve\u0161\u010danja o na\u0161i ponudbi storitev. Obdelavi va\u0161ih osebnih podatkov za namene neposrednega tr\u017eenja lahko kadarkoli\u00a0ugovarjate. Dodatne informacije o va\u0161ih pravicah v zvezi z neposrednim tr\u017eenjem so vam na voljo v to\u010dki \u00bbVa\u0161e pravice\u00ab.\u00a0<\/p>\t\t\t\t\t\t\t\t<\/div>\n\t\t\t\t<\/div>\n\t\t\t\t<div class=\"elementor-element elementor-element-f9c8964 elementor-widget elementor-widget-heading\" data-id=\"f9c8964\" data-element_type=\"widget\" data-e-type=\"widget\" data-widget_type=\"heading.default\">\n\t\t\t\t<div class=\"elementor-widget-container\">\n\t\t\t\t\t<h5 class=\"elementor-heading-title elementor-size-default\">4.<\/h5>\t\t\t\t<\/div>\n\t\t\t\t<\/div>\n\t\t\t\t<div class=\"elementor-element elementor-element-d95ef30 elementor-widget-divider--view-line elementor-widget elementor-widget-divider\" data-id=\"d95ef30\" data-element_type=\"widget\" data-e-type=\"widget\" data-widget_type=\"divider.default\">\n\t\t\t\t<div class=\"elementor-widget-container\">\n\t\t\t\t\t\t\t<div class=\"elementor-divider\">\n\t\t\t<span class=\"elementor-divider-separator\">\n\t\t\t\t\t\t<\/span>\n\t\t<\/div>\n\t\t\t\t\t\t<\/div>\n\t\t\t\t<\/div>\n\t\t\t\t<div class=\"elementor-element elementor-element-5505f35 elementor-widget elementor-widget-heading\" data-id=\"5505f35\" data-element_type=\"widget\" data-e-type=\"widget\" data-widget_type=\"heading.default\">\n\t\t\t\t<div class=\"elementor-widget-container\">\n\t\t\t\t\t<h2 class=\"elementor-heading-title elementor-size-default\">Uporabniki va\u0161ih podatkov<\/h2>\t\t\t\t<\/div>\n\t\t\t\t<\/div>\n\t\t\t\t<div class=\"elementor-element elementor-element-e8ba4d8 elementor-widget elementor-widget-text-editor\" data-id=\"e8ba4d8\" data-element_type=\"widget\" data-e-type=\"widget\" data-widget_type=\"text-editor.default\">\n\t\t\t\t<div class=\"elementor-widget-container\">\n\t\t\t\t\t\t\t\t\t<p class=\"p1\">Vsi podatki, zbrani na podlagi zgoraj navedenih pravnih podlag, bodo uporabljeni v skladu z nameni, za katere so bili zbrani in ne bodo posredovani tretjim osebam brez va\u0161e privolitve.<br \/>V okviru zakonskih pristojnosti se va\u0161i osebnih podatki lahko razkrivajo naslednjim uporabnikom podatkov:<\/p><ul class=\"ul1\"><li class=\"li1\">ponudnikom po\u0161tnih storitev, ponudnikom odpremnih storitev, ponudnikom storitev uni\u010denja spisov in nosilcev podatkov;<\/li><li class=\"li1\">ponudnikom storitev informacijske tehnologije v okviru servisiranja in vzdr\u017eevanja programske opreme;<\/li><li class=\"li1\">ponudnikom storitev ra\u010dunalni\u0161tva v oblaku,<\/li><li class=\"li1\">administratorju in skrbniku spletne strani.<\/li><\/ul>\t\t\t\t\t\t\t\t<\/div>\n\t\t\t\t<\/div>\n\t\t\t\t<div class=\"elementor-element elementor-element-dd050c2 elementor-widget elementor-widget-heading\" data-id=\"dd050c2\" data-element_type=\"widget\" data-e-type=\"widget\" data-widget_type=\"heading.default\">\n\t\t\t\t<div class=\"elementor-widget-container\">\n\t\t\t\t\t<h5 class=\"elementor-heading-title elementor-size-default\">5.<\/h5>\t\t\t\t<\/div>\n\t\t\t\t<\/div>\n\t\t\t\t<div class=\"elementor-element elementor-element-002bcf3 elementor-widget-divider--view-line elementor-widget elementor-widget-divider\" data-id=\"002bcf3\" data-element_type=\"widget\" data-e-type=\"widget\" data-widget_type=\"divider.default\">\n\t\t\t\t<div class=\"elementor-widget-container\">\n\t\t\t\t\t\t\t<div class=\"elementor-divider\">\n\t\t\t<span class=\"elementor-divider-separator\">\n\t\t\t\t\t\t<\/span>\n\t\t<\/div>\n\t\t\t\t\t\t<\/div>\n\t\t\t\t<\/div>\n\t\t\t\t<div class=\"elementor-element elementor-element-8d9bba6 elementor-widget elementor-widget-heading\" data-id=\"8d9bba6\" data-element_type=\"widget\" data-e-type=\"widget\" data-widget_type=\"heading.default\">\n\t\t\t\t<div class=\"elementor-widget-container\">\n\t\t\t\t\t<h2 class=\"elementor-heading-title elementor-size-default\">Obdobje hrambe podatkov<\/h2>\t\t\t\t<\/div>\n\t\t\t\t<\/div>\n\t\t\t\t<div class=\"elementor-element elementor-element-e0727c4 elementor-widget elementor-widget-text-editor\" data-id=\"e0727c4\" data-element_type=\"widget\" data-e-type=\"widget\" data-widget_type=\"text-editor.default\">\n\t\t\t\t<div class=\"elementor-widget-container\">\n\t\t\t\t\t\t\t\t\t<p class=\"p1\">Zagotavljamo vam, da va\u0161e podatke hranimo le toliko \u010dasa, kolikor je potrebno, da se izpolni namen, zaradi katerega so bili posamezni podatki zbrani in nadalje uporabljeni, in sicer:<\/p><ul class=\"ul1\"><li class=\"li1\">dnevni\u0161ke datoteke spletnega stre\u017enika se hranijo do 3 (tri) mesece;<\/li><li class=\"li1\">podatki s spletnega kontaktnega obrazca za pridru\u017eitev klubu ali podalj\u0161anje \u010dlanarine se hranijo 1 leto,\u00a0<\/li><li class=\"li1\">podatki s spletnega kontaktnega obrazca za prijavo na XC Gozd OPEN se hranijo do 11. septembra teko\u010dega leta,<\/li><li class=\"li1\">va\u0161i kontaktni podatki za namen neposrednega tr\u017eenja se obdelujejo do preklica, pri\u00a0\u010demer se zavezujemo, da bomo obstoj namena obdelave osebnih podatkov preverjali na redne \u010dasovne intervale.<\/li><\/ul>\t\t\t\t\t\t\t\t<\/div>\n\t\t\t\t<\/div>\n\t\t\t\t<div class=\"elementor-element elementor-element-ed17723 elementor-widget elementor-widget-heading\" data-id=\"ed17723\" data-element_type=\"widget\" data-e-type=\"widget\" data-widget_type=\"heading.default\">\n\t\t\t\t<div class=\"elementor-widget-container\">\n\t\t\t\t\t<h5 class=\"elementor-heading-title elementor-size-default\">6.<\/h5>\t\t\t\t<\/div>\n\t\t\t\t<\/div>\n\t\t\t\t<div class=\"elementor-element elementor-element-36dddc2 elementor-widget-divider--view-line elementor-widget elementor-widget-divider\" data-id=\"36dddc2\" data-element_type=\"widget\" data-e-type=\"widget\" data-widget_type=\"divider.default\">\n\t\t\t\t<div class=\"elementor-widget-container\">\n\t\t\t\t\t\t\t<div class=\"elementor-divider\">\n\t\t\t<span class=\"elementor-divider-separator\">\n\t\t\t\t\t\t<\/span>\n\t\t<\/div>\n\t\t\t\t\t\t<\/div>\n\t\t\t\t<\/div>\n\t\t\t\t<div class=\"elementor-element elementor-element-4f9bb31 elementor-widget elementor-widget-heading\" data-id=\"4f9bb31\" data-element_type=\"widget\" data-e-type=\"widget\" data-widget_type=\"heading.default\">\n\t\t\t\t<div class=\"elementor-widget-container\">\n\t\t\t\t\t<h2 class=\"elementor-heading-title elementor-size-default\">Va\u0161e pravice<\/h2>\t\t\t\t<\/div>\n\t\t\t\t<\/div>\n\t\t\t\t<div class=\"elementor-element elementor-element-4b14401 elementor-widget elementor-widget-text-editor\" data-id=\"4b14401\" data-element_type=\"widget\" data-e-type=\"widget\" data-widget_type=\"text-editor.default\">\n\t\t\t\t<div class=\"elementor-widget-container\">\n\t\t\t\t\t\t\t\t\t<p class=\"p1\">Posameznik, na katerega se nana\u0161ajo osebni podatki, lahko od nas kadarkoli zahteva, da mu:<\/p><ul class=\"ul1\"><li class=\"li1\">potrdimo, ali se podatki v zvezi z njim obdelujejo ali ne,<\/li><li class=\"li1\">omogo\u010dimo dostop do osebnih podatkov (tj. vpogled ter njihovo prepisovanje ali kopiranje),<\/li><li class=\"li1\">podamo informacije v zvezi z obdelavo teh podatkov (npr. o namenu obdelave, vrsti osebnih podatkov, uporabnikih, katerim so jim bili ali jim bodo posredovani osebni podatki, predvidenem obdobju hrambe podatkov, o tehni\u010dnih in organizacijskih ukrepih za varovanje podatkov, idr.),<\/li><li class=\"li1\">omogo\u010dimo popravek neto\u010dnih osebnih podatkov v zvezi z njim in mu omogo\u010dimo dopolnitev nepopolnih osebnih podatkov,<\/li><li class=\"li1\">omogo\u010dimo pravico do izbrisa osebnih podatkov (t.i. pravica do pozabe),<\/li><li class=\"li1\">omogo\u010dimo pravico do omejitve obdelave,<\/li><\/ul><p class=\"p1\">\u010ce sumite, da pri obdelavi va\u0161ih podatkov prihaja do kr\u0161itev zakonodaje s podro\u010dja varstva osebnih podatkov, imate tudi pravico vlo\u017eiti prito\u017ebo pri Informacijskem poobla\u0161\u010dencu Republike Slovenije, na naslovu Zalo\u0161ka 59, 1000 Ljubljana, Slovenija, telefonska \u0161tevilka: 00 386 (0)1 230 97 30, elektronski naslov:\u00a0<a href=\"mailto:gp.ip@ip-rs.si\"><span class=\"s2\">gp.ip@ip-rs.si<\/span><\/a>.<br \/>Prav tako vam bomo na va\u0161o zahtevo v skladu z veljavno zakonodajo podali tudi druge informacije v zvezi z va\u0161imi osebnimi podatki, ki jih obdelujemo.<br \/>Zavezujemo se, da bomo na va\u0161e zahteve odgovorili brez nepotrebnega odla\u0161anja, najkasneje pa v zakonsko predpisanih rokih.<\/p>\t\t\t\t\t\t\t\t<\/div>\n\t\t\t\t<\/div>\n\t\t\t\t\t<\/div>\n\t\t<\/div>\n\t\t\t\t<div class=\"elementor-column elementor-col-33 elementor-top-column elementor-element elementor-element-8d556e2\" data-id=\"8d556e2\" data-element_type=\"column\" data-e-type=\"column\">\n\t\t\t<div class=\"elementor-widget-wrap\">\n\t\t\t\t\t\t\t<\/div>\n\t\t<\/div>\n\t\t\t\t\t<\/div>\n\t\t<\/section>\n\t\t\t\t<\/div>\n\t\t","protected":false},"excerpt":{"rendered":"<p>1. Splo\u0161no o varovanju zasebnosti V JPK Kri\u0161ka gora spo\u0161tujemo pravico do zasebnosti in stremimo k najvi\u0161ji stopnji varstva osebnih podatkov na\u0161ih obiskovalcev. Zato smo pri ponujanju na\u0161ih storitev preko svoje spletne strani, preko elektronskih sporo\u010dil ali preko telefonskega kontaka zavezani k delovanju v skladu z zakoni in predpisi, ki opredeljujejo varovanje osebnih podatkov, zlasti&hellip;<\/p>","protected":false},"author":1,"featured_media":0,"parent":0,"menu_order":3,"comment_status":"closed","ping_status":"closed","template":"elementor_header_footer","meta":{"inline_featured_image":false,"footnotes":""},"class_list":["post-35924","page","type-page","status-publish","hentry"],"_links":{"self":[{"href":"https:\/\/jpkkriskagora.si\/en\/wp-json\/wp\/v2\/pages\/35924","targetHints":{"allow":["GET"]}}],"collection":[{"href":"https:\/\/jpkkriskagora.si\/en\/wp-json\/wp\/v2\/pages"}],"about":[{"href":"https:\/\/jpkkriskagora.si\/en\/wp-json\/wp\/v2\/types\/page"}],"author":[{"embeddable":true,"href":"https:\/\/jpkkriskagora.si\/en\/wp-json\/wp\/v2\/users\/1"}],"replies":[{"embeddable":true,"href":"https:\/\/jpkkriskagora.si\/en\/wp-json\/wp\/v2\/comments?post=35924"}],"version-history":[{"count":5,"href":"https:\/\/jpkkriskagora.si\/en\/wp-json\/wp\/v2\/pages\/35924\/revisions"}],"predecessor-version":[{"id":37919,"href":"https:\/\/jpkkriskagora.si\/en\/wp-json\/wp\/v2\/pages\/35924\/revisions\/37919"}],"wp:attachment":[{"href":"https:\/\/jpkkriskagora.si\/en\/wp-json\/wp\/v2\/media?parent=35924"}],"curies":[{"name":"wp","href":"https:\/\/api.w.org\/{rel}","templated":true}]}}